{"id":217,"date":"2023-08-03T23:16:48","date_gmt":"2023-08-03T21:16:48","guid":{"rendered":"https:\/\/botschaft-senegal.de\/?page_id=217"},"modified":"2024-07-10T12:27:36","modified_gmt":"2024-07-10T10:27:36","slug":"passeport-senegalais","status":"publish","type":"page","link":"https:\/\/botschaft-senegal.de\/de\/services-consulaires\/passeport-senegalais\/","title":{"rendered":"Passeport biom\u00e9trique s\u00e9n\u00e9galais"},"content":{"rendered":"<h2 class=\"wp-block-heading\">Rendez-vous d&rsquo;\u00e9tablissement de passeport s\u00e9n\u00e9galais <\/h2>\n\n\n<style>.kt-svg-icons217_1adb1f-07 .kt-svg-item-0 .kb-svg-icon-wrap{color:var(--global-palette4, #2D3748);font-size:50px;}.wp-block-kadence-icon.kt-svg-icons217_1adb1f-07{justify-content:center;}<\/style>\n<div class=\"wp-block-kadence-icon kt-svg-icons kt-svg-icons217_1adb1f-07 alignnone\"><style>.kt-svg-item-217_894ccd-88 .kb-svg-icon-wrap, .kt-svg-style-stacked.kt-svg-item-217_894ccd-88 .kb-svg-icon-wrap{font-size:50px;}<\/style>\n<div class=\"wp-block-kadence-single-icon kt-svg-style-default kt-svg-icon-wrap kt-svg-item-217_894ccd-88\"><span class=\"kb-svg-icon-wrap kb-svg-icon-fas_hand-point-down\"><svg viewbox=\"0 0 384 512\"  fill=\"currentColor\" xmlns=\"http:\/\/www.w3.org\/2000\/svg\"  aria-hidden=\"true\"><path d=\"M91.826 467.2V317.966c-8.248 5.841-16.558 10.57-24.918 14.153C35.098 345.752-.014 322.222 0 288c.008-18.616 10.897-32.203 29.092-40 28.286-12.122 64.329-78.648 77.323-107.534 7.956-17.857 25.479-28.453 43.845-28.464l.001-.002h171.526c11.812 0 21.897 8.596 23.703 20.269 7.25 46.837 38.483 61.76 38.315 123.731-.007 2.724.195 13.254.195 16 0 50.654-22.122 81.574-71.263 72.6-9.297 18.597-39.486 30.738-62.315 16.45-21.177 24.645-53.896 22.639-70.944 6.299V467.2c0 24.15-20.201 44.8-43.826 44.8-23.283 0-43.826-21.35-43.826-44.8zM112 72V24c0-13.255 10.745-24 24-24h192c13.255 0 24 10.745 24 24v48c0 13.255-10.745 24-24 24H136c-13.255 0-24-10.745-24-24zm212-24c0-11.046-8.954-20-20-20s-20 8.954-20 20 8.954 20 20 20 20-8.954 20-20z\"\/><\/svg><\/span><\/div>\n<\/div>\n\n\n\n<!-- D\u00e9but de widget en ligne Calendly -->\n<div class=\"calendly-inline-widget\" data-url=\"https:\/\/calendly.com\/consambsenberlin?hide_landing_page_details=1&#038;hide_gdpr_banner=1\" style=\"min-width:320px;height:700px;\"><\/div>\n<script type=\"text\/javascript\" src=\"https:\/\/assets.calendly.com\/assets\/external\/widget.js\" async><\/script>\n<!-- Fin de widget en ligne Calendly -->\n\n\n\n<p><strong>Composition du dossier :<\/strong><\/p>\n\n\n\n<p><strong>Pour un renouvellement de passeport biom\u00e9trique <\/strong>(dans les 6 mois avant expiration)<\/p>\n\n\n\n<ul class=\"wp-block-list\">\n<li>Copie passeport expir\u00e9 ou en cas de perte (r\u00e9c\u00e9piss\u00e9 d\u00e9livr\u00e9 par le bureau des passeports \u00e0 Dakar)<\/li>\n\n\n\n<li>Copie carte nationale d&rsquo;identit\u00e9 num\u00e9ris\u00e9e en cours de validit\u00e9 ou biom\u00e9trique CEDEAO pour le demandeur de plus 06 ans (extrait de naissance de moins de 6 mois pour les enfants de moins de 06 ans)<\/li>\n\n\n\n<li>Autorisation parentale pour les mineurs (avec pr\u00e9sence obligatoire du p\u00e8re)<\/li>\n\n\n\n<li>Quittance de droits de timbres de 31 \u20ac pour un renouvellement ou de 62 \u20ac pour l&rsquo;\u00e9tablissement d&rsquo;un duplicata, avec un certificat de perte, le cas \u00e9ch\u00e9ant<\/li>\n\n\n\n<li>Une enveloppe timbr\u00e9e recommand\u00e9e pour l&rsquo;envoi du passeport.<\/li>\n<\/ul>\n\n\n\n<p><strong>Pour une nouvelle demande de passeport biom\u00e9trique<\/strong><\/p>\n\n\n\n<ul class=\"wp-block-list\">\n<li>Copie Carte Nationale d&rsquo;Identit\u00e9 biom\u00e9trique CEDEAO ou\u00a0une attestation de num\u00e9ro d&rsquo;immatriculation nationale pour les enfants de moins de 6 ans\u00a0<\/li>\n\n\n\n<li>Certificat de nationalit\u00e9 du demandeur\u00a0et extrait d&rsquo;un parent<\/li>\n\n\n\n<li>Auszug aus der Geburtsurkunde<\/li>\n\n\n\n<li>Autorisation parentale pour les mineurs accompagn\u00e9e d&rsquo;une copie des passeports des parents (avec pr\u00e9sence obligatoire du p\u00e8re)<\/li>\n\n\n\n<li>Quittance de droits de timbres (31 \u20ac)<\/li>\n\n\n\n<li>Une enveloppe timbr\u00e9e recommand\u00e9e pour l&rsquo;envoi du passeport.<\/li>\n<\/ul>\n\n\n\n<p>Pour d&rsquo;autres \u00e9claircissements contactez-nous:<\/p>\n\n\n\n<p><strong>Mail<\/strong>:<strong> info@botschaft-senegal.de<\/strong><\/p>\n\n\n\n<p><strong>Tel: +49 30 85 62 19 0<\/strong><\/p>","protected":false},"excerpt":{"rendered":"<p>Rendez-vous \u00e9tablissement ou renouvellement Passeport biom\u00e9trique s\u00e9n\u00e9galais a l&rsquo;Ambassade du S\u00e9n\u00e9gal a Berlin &#8211; Allemagne<\/p>","protected":false},"author":1,"featured_media":0,"parent":27,"menu_order":1,"comment_status":"closed","ping_status":"closed","template":"","meta":{"footnotes":""},"class_list":["post-217","page","type-page","status-publish","hentry"],"blocksy_meta":[],"yoast_head":"<!-- This site is optimized with the Yoast SEO plugin v27.4 - https:\/\/yoast.com\/product\/yoast-seo-wordpress\/ -->\n<title>Passeport biom\u00e9trique s\u00e9n\u00e9galais - Ambassade du S&eacute;n&eacute;gal en Allemagne<\/title>\n<meta name=\"description\" content=\"Ambassade S\u00e9n\u00e9gal -Diplomatie - Passeport - Visa - Tourisme - Investissement --- Senegalische Botschaft in Deutschland \u2013 Diplomatie \u2013 Reisepass \u2013 Visum \u2013 Tourismus \u2013 Investition --- Embassy of Senegal \u2013 Diplomacy \u2013 Passport \u2013 Visa \u2013 Tourism \u2013 Investment\" \/>\n<meta name=\"robots\" content=\"index, follow, max-snippet:-1, max-image-preview:large, max-video-preview:-1\" \/>\n<link rel=\"canonical\" href=\"https:\/\/botschaft-senegal.de\/de\/services-consulaires\/passeport-senegalais\/\" \/>\n<meta property=\"og:locale\" content=\"de_DE\" \/>\n<meta property=\"og:type\" content=\"article\" \/>\n<meta property=\"og:title\" content=\"Passeport biom\u00e9trique s\u00e9n\u00e9galais - Ambassade du S&eacute;n&eacute;gal en Allemagne\" \/>\n<meta property=\"og:description\" content=\"Ambassade S\u00e9n\u00e9gal -Diplomatie - Passeport - Visa - Tourisme - Investissement --- Senegalische Botschaft in Deutschland \u2013 Diplomatie \u2013 Reisepass \u2013 Visum \u2013 Tourismus \u2013 Investition --- Embassy of Senegal \u2013 Diplomacy \u2013 Passport \u2013 Visa \u2013 Tourism \u2013 Investment\" \/>\n<meta property=\"og:url\" content=\"https:\/\/botschaft-senegal.de\/de\/services-consulaires\/passeport-senegalais\/\" \/>\n<meta property=\"og:site_name\" content=\"Ambassade du S&eacute;n&eacute;gal en Allemagne\" \/>\n<meta property=\"article:modified_time\" content=\"2024-07-10T10:27:36+00:00\" \/>\n<meta property=\"og:image\" content=\"https:\/\/botschaft-senegal.de\/wp-content\/uploads\/2023\/08\/flag.jpg\" \/>\n\t<meta property=\"og:image:width\" content=\"266\" \/>\n\t<meta property=\"og:image:height\" content=\"198\" \/>\n\t<meta property=\"og:image:type\" content=\"image\/jpeg\" \/>\n<meta name=\"twitter:card\" content=\"summary_large_image\" \/>\n<meta name=\"twitter:label1\" content=\"Gesch\u00e4tzte Lesezeit\" \/>\n\t<meta name=\"twitter:data1\" content=\"2 Minuten\" \/>\n<script type=\"application\/ld+json\" class=\"yoast-schema-graph\">{\"@context\":\"https:\\\/\\\/schema.org\",\"@graph\":[{\"@type\":\"WebPage\",\"@id\":\"https:\\\/\\\/botschaft-senegal.de\\\/services-consulaires\\\/passeport-senegalais\\\/\",\"url\":\"https:\\\/\\\/botschaft-senegal.de\\\/services-consulaires\\\/passeport-senegalais\\\/\",\"name\":\"Passeport biom\u00e9trique s\u00e9n\u00e9galais - Ambassade du S&eacute;n&eacute;gal en Allemagne\",\"isPartOf\":{\"@id\":\"https:\\\/\\\/botschaft-senega-r4b19ptaoc.live-website.com\\\/#website\"},\"datePublished\":\"2023-08-03T21:16:48+00:00\",\"dateModified\":\"2024-07-10T10:27:36+00:00\",\"description\":\"Ambassade S\u00e9n\u00e9gal -Diplomatie - Passeport - Visa - Tourisme - Investissement --- Senegalische Botschaft in Deutschland \u2013 Diplomatie \u2013 Reisepass \u2013 Visum \u2013 Tourismus \u2013 Investition --- Embassy of Senegal \u2013 Diplomacy \u2013 Passport \u2013 Visa \u2013 Tourism \u2013 Investment\",\"breadcrumb\":{\"@id\":\"https:\\\/\\\/botschaft-senegal.de\\\/services-consulaires\\\/passeport-senegalais\\\/#breadcrumb\"},\"inLanguage\":\"de\",\"potentialAction\":[{\"@type\":\"ReadAction\",\"target\":[\"https:\\\/\\\/botschaft-senegal.de\\\/services-consulaires\\\/passeport-senegalais\\\/\"]}]},{\"@type\":\"BreadcrumbList\",\"@id\":\"https:\\\/\\\/botschaft-senegal.de\\\/services-consulaires\\\/passeport-senegalais\\\/#breadcrumb\",\"itemListElement\":[{\"@type\":\"ListItem\",\"position\":1,\"name\":\"Accueil\",\"item\":\"https:\\\/\\\/botschaft-senegal.de\\\/\"},{\"@type\":\"ListItem\",\"position\":2,\"name\":\"Nos services consulaires\",\"item\":\"https:\\\/\\\/botschaft-senegal.de\\\/services-consulaires\\\/\"},{\"@type\":\"ListItem\",\"position\":3,\"name\":\"Passeport biom\u00e9trique s\u00e9n\u00e9galais\"}]},{\"@type\":\"WebSite\",\"@id\":\"https:\\\/\\\/botschaft-senega-r4b19ptaoc.live-website.com\\\/#website\",\"url\":\"https:\\\/\\\/botschaft-senega-r4b19ptaoc.live-website.com\\\/\",\"name\":\"Ambassade du S\u00e9n\u00e9gal \u00e0 Berlin\",\"description\":\"Ambassade du S&eacute;n&eacute;gal &agrave; Berlin\",\"publisher\":{\"@id\":\"https:\\\/\\\/botschaft-senega-r4b19ptaoc.live-website.com\\\/#organization\"},\"alternateName\":\"Botschaft Senegal\",\"potentialAction\":[{\"@type\":\"SearchAction\",\"target\":{\"@type\":\"EntryPoint\",\"urlTemplate\":\"https:\\\/\\\/botschaft-senega-r4b19ptaoc.live-website.com\\\/?s={search_term_string}\"},\"query-input\":{\"@type\":\"PropertyValueSpecification\",\"valueRequired\":true,\"valueName\":\"search_term_string\"}}],\"inLanguage\":\"de\"},{\"@type\":\"Organization\",\"@id\":\"https:\\\/\\\/botschaft-senega-r4b19ptaoc.live-website.com\\\/#organization\",\"name\":\"Ambassade du S\u00e9n\u00e9gal \u00e0 Berlin - Botschaft Senegal\",\"alternateName\":\"Botschaft senegal\",\"url\":\"https:\\\/\\\/botschaft-senega-r4b19ptaoc.live-website.com\\\/\",\"logo\":{\"@type\":\"ImageObject\",\"inLanguage\":\"de\",\"@id\":\"https:\\\/\\\/botschaft-senega-r4b19ptaoc.live-website.com\\\/#\\\/schema\\\/logo\\\/image\\\/\",\"url\":\"https:\\\/\\\/botschaft-senegal.de\\\/wp-content\\\/uploads\\\/2023\\\/07\\\/logo.svg.png\",\"contentUrl\":\"https:\\\/\\\/botschaft-senegal.de\\\/wp-content\\\/uploads\\\/2023\\\/07\\\/logo.svg.png\",\"width\":200,\"height\":237,\"caption\":\"Ambassade du S\u00e9n\u00e9gal \u00e0 Berlin - Botschaft Senegal\"},\"image\":{\"@id\":\"https:\\\/\\\/botschaft-senega-r4b19ptaoc.live-website.com\\\/#\\\/schema\\\/logo\\\/image\\\/\"}}]}<\/script>\n<!-- \/ Yoast SEO plugin. -->","yoast_head_json":{"title":"Passeport biom\u00e9trique s\u00e9n\u00e9galais - Ambassade du S&eacute;n&eacute;gal en Allemagne","description":"Ambassade S\u00e9n\u00e9gal -Diplomatie - Passeport - Visa - Tourisme - Investissement --- Senegalische Botschaft in Deutschland \u2013 Diplomatie \u2013 Reisepass \u2013 Visum \u2013 Tourismus \u2013 Investition --- Embassy of Senegal \u2013 Diplomacy \u2013 Passport \u2013 Visa \u2013 Tourism \u2013 Investment","robots":{"index":"index","follow":"follow","max-snippet":"max-snippet:-1","max-image-preview":"max-image-preview:large","max-video-preview":"max-video-preview:-1"},"canonical":"https:\/\/botschaft-senegal.de\/de\/services-consulaires\/passeport-senegalais\/","og_locale":"de_DE","og_type":"article","og_title":"Passeport biom\u00e9trique s\u00e9n\u00e9galais - Ambassade du S&eacute;n&eacute;gal en Allemagne","og_description":"Ambassade S\u00e9n\u00e9gal -Diplomatie - Passeport - Visa - Tourisme - Investissement --- Senegalische Botschaft in Deutschland \u2013 Diplomatie \u2013 Reisepass \u2013 Visum \u2013 Tourismus \u2013 Investition --- Embassy of Senegal \u2013 Diplomacy \u2013 Passport \u2013 Visa \u2013 Tourism \u2013 Investment","og_url":"https:\/\/botschaft-senegal.de\/de\/services-consulaires\/passeport-senegalais\/","og_site_name":"Ambassade du S&eacute;n&eacute;gal en Allemagne","article_modified_time":"2024-07-10T10:27:36+00:00","og_image":[{"width":266,"height":198,"url":"https:\/\/botschaft-senegal.de\/wp-content\/uploads\/2023\/08\/flag.jpg","type":"image\/jpeg"}],"twitter_card":"summary_large_image","twitter_misc":{"Gesch\u00e4tzte Lesezeit":"2 Minuten"},"schema":{"@context":"https:\/\/schema.org","@graph":[{"@type":"WebPage","@id":"https:\/\/botschaft-senegal.de\/services-consulaires\/passeport-senegalais\/","url":"https:\/\/botschaft-senegal.de\/services-consulaires\/passeport-senegalais\/","name":"Passeport biom\u00e9trique s\u00e9n\u00e9galais - Ambassade du S&eacute;n&eacute;gal en Allemagne","isPartOf":{"@id":"https:\/\/botschaft-senega-r4b19ptaoc.live-website.com\/#website"},"datePublished":"2023-08-03T21:16:48+00:00","dateModified":"2024-07-10T10:27:36+00:00","description":"Ambassade S\u00e9n\u00e9gal -Diplomatie - Passeport - Visa - Tourisme - Investissement --- Senegalische Botschaft in Deutschland \u2013 Diplomatie \u2013 Reisepass \u2013 Visum \u2013 Tourismus \u2013 Investition --- Embassy of Senegal \u2013 Diplomacy \u2013 Passport \u2013 Visa \u2013 Tourism \u2013 Investment","breadcrumb":{"@id":"https:\/\/botschaft-senegal.de\/services-consulaires\/passeport-senegalais\/#breadcrumb"},"inLanguage":"de","potentialAction":[{"@type":"ReadAction","target":["https:\/\/botschaft-senegal.de\/services-consulaires\/passeport-senegalais\/"]}]},{"@type":"BreadcrumbList","@id":"https:\/\/botschaft-senegal.de\/services-consulaires\/passeport-senegalais\/#breadcrumb","itemListElement":[{"@type":"ListItem","position":1,"name":"Accueil","item":"https:\/\/botschaft-senegal.de\/"},{"@type":"ListItem","position":2,"name":"Nos services consulaires","item":"https:\/\/botschaft-senegal.de\/services-consulaires\/"},{"@type":"ListItem","position":3,"name":"Passeport biom\u00e9trique s\u00e9n\u00e9galais"}]},{"@type":"WebSite","@id":"https:\/\/botschaft-senega-r4b19ptaoc.live-website.com\/#website","url":"https:\/\/botschaft-senega-r4b19ptaoc.live-website.com\/","name":"Ambassade du S\u00e9n\u00e9gal \u00e0 Berlin","description":"Ambassade du S&eacute;n&eacute;gal &agrave; Berlin","publisher":{"@id":"https:\/\/botschaft-senega-r4b19ptaoc.live-website.com\/#organization"},"alternateName":"Botschaft Senegal","potentialAction":[{"@type":"SearchAction","target":{"@type":"EntryPoint","urlTemplate":"https:\/\/botschaft-senega-r4b19ptaoc.live-website.com\/?s={search_term_string}"},"query-input":{"@type":"PropertyValueSpecification","valueRequired":true,"valueName":"search_term_string"}}],"inLanguage":"de"},{"@type":"Organization","@id":"https:\/\/botschaft-senega-r4b19ptaoc.live-website.com\/#organization","name":"Ambassade du S\u00e9n\u00e9gal \u00e0 Berlin - Botschaft Senegal","alternateName":"Botschaft senegal","url":"https:\/\/botschaft-senega-r4b19ptaoc.live-website.com\/","logo":{"@type":"ImageObject","inLanguage":"de","@id":"https:\/\/botschaft-senega-r4b19ptaoc.live-website.com\/#\/schema\/logo\/image\/","url":"https:\/\/botschaft-senegal.de\/wp-content\/uploads\/2023\/07\/logo.svg.png","contentUrl":"https:\/\/botschaft-senegal.de\/wp-content\/uploads\/2023\/07\/logo.svg.png","width":200,"height":237,"caption":"Ambassade du S\u00e9n\u00e9gal \u00e0 Berlin - Botschaft Senegal"},"image":{"@id":"https:\/\/botschaft-senega-r4b19ptaoc.live-website.com\/#\/schema\/logo\/image\/"}}]}},"_links":{"self":[{"href":"https:\/\/botschaft-senegal.de\/de\/wp-json\/wp\/v2\/pages\/217","targetHints":{"allow":["GET"]}}],"collection":[{"href":"https:\/\/botschaft-senegal.de\/de\/wp-json\/wp\/v2\/pages"}],"about":[{"href":"https:\/\/botschaft-senegal.de\/de\/wp-json\/wp\/v2\/types\/page"}],"author":[{"embeddable":true,"href":"https:\/\/botschaft-senegal.de\/de\/wp-json\/wp\/v2\/users\/1"}],"replies":[{"embeddable":true,"href":"https:\/\/botschaft-senegal.de\/de\/wp-json\/wp\/v2\/comments?post=217"}],"version-history":[{"count":5,"href":"https:\/\/botschaft-senegal.de\/de\/wp-json\/wp\/v2\/pages\/217\/revisions"}],"predecessor-version":[{"id":1162,"href":"https:\/\/botschaft-senegal.de\/de\/wp-json\/wp\/v2\/pages\/217\/revisions\/1162"}],"up":[{"embeddable":true,"href":"https:\/\/botschaft-senegal.de\/de\/wp-json\/wp\/v2\/pages\/27"}],"wp:attachment":[{"href":"https:\/\/botschaft-senegal.de\/de\/wp-json\/wp\/v2\/media?parent=217"}],"curies":[{"name":"wp","href":"https:\/\/api.w.org\/{rel}","templated":true}]}}