{"id":319,"date":"2023-08-06T23:38:41","date_gmt":"2023-08-06T21:38:41","guid":{"rendered":"https:\/\/botschaft-senegal.de\/?page_id=319"},"modified":"2023-12-06T15:39:18","modified_gmt":"2023-12-06T14:39:18","slug":"investir-au-senegal","status":"publish","type":"page","link":"https:\/\/botschaft-senegal.de\/de\/senegal\/investir-au-senegal\/","title":{"rendered":"In Senegal investieren"},"content":{"rendered":"<figure class=\"wp-block-image aligncenter size-large\"><img loading=\"lazy\" decoding=\"async\" width=\"1024\" height=\"296\" src=\"https:\/\/botschaft-senegal.de\/wp-content\/uploads\/2023\/08\/IMG-Investisseurs-1024x296.webp\" alt=\"Investissez au S\u00e9n\u00e9gal\" class=\"wp-image-320\" srcset=\"https:\/\/botschaft-senegal.de\/wp-content\/uploads\/2023\/08\/IMG-Investisseurs-1024x296.webp 1024w, https:\/\/botschaft-senegal.de\/wp-content\/uploads\/2023\/08\/IMG-Investisseurs-300x87.webp 300w, https:\/\/botschaft-senegal.de\/wp-content\/uploads\/2023\/08\/IMG-Investisseurs-768x222.webp 768w, https:\/\/botschaft-senegal.de\/wp-content\/uploads\/2023\/08\/IMG-Investisseurs.webp 1386w\" sizes=\"auto, (max-width: 1024px) 100vw, 1024px\" \/><\/figure>\n\n\n\n<h2 class=\"wp-block-heading has-text-align-center\">Investir au S\u00e9n\u00e9gal, le Pays de la T\u00e9ranga<\/h2>\n\n\n\n<p>L\u2019Agence Nationale charg\u00e9e de la Promotion de l\u2019Investissement et des Grands Travaux (APIX-S.A.) est l&rsquo;agence gouvernementale s\u00e9n\u00e9galaise charg\u00e9e de promouvoir les investissements nationaux et \u00e9trangers et de faciliter la mise en \u0153uvre de grands projets d&rsquo;infrastructures dans le pays.<\/p>\n\n\n\n<p> <a href=\"https:\/\/investinsenegal.sn\/\">Site Web de l&rsquo;APIX<\/a><\/p>\n\n\n\n<p class=\"has-text-align-center has-small-font-size\">VOIR AUSSI<\/p>\n\n\n\n<div class=\"wp-block-columns has-palette-color-6-background-color has-background is-layout-flex wp-container-core-columns-is-layout-28f84493 wp-block-columns-is-layout-flex\">\n<div class=\"wp-block-column is-layout-flow wp-block-column-is-layout-flow\"><style>.kb-image319_44fe7a-fe .kb-image-has-overlay:after{opacity:0.3;}<\/style>\n<figure class=\"wp-block-kadence-image kb-image319_44fe7a-fe size-full is-style-rounded\"><a href=\"https:\/\/investinsenegal.com\/en\/\" class=\"kb-advanced-image-link\"><img loading=\"lazy\" decoding=\"async\" width=\"300\" height=\"200\" src=\"https:\/\/botschaft-senegal.de\/wp-content\/uploads\/2023\/08\/apix-logo.png\" alt=\"Logo APIX\" class=\"kb-img wp-image-325\" title=\"Logo APIX\"\/><\/a><\/figure>\n<\/div>\n\n\n\n<div class=\"wp-block-column is-layout-flow wp-block-column-is-layout-flow\">\n<figure class=\"wp-block-image size-full is-resized is-style-default\"><a href=\"http:\/\/www.tourisme.gouv.sn\/\"><img loading=\"lazy\" decoding=\"async\" width=\"400\" height=\"400\" src=\"https:\/\/botschaft-senegal.de\/wp-content\/uploads\/2023\/08\/SAPCO-Senegal.jpg\" alt=\"logo SAPCO\" class=\"wp-image-326\" style=\"width:200px;height:200px\" srcset=\"https:\/\/botschaft-senegal.de\/wp-content\/uploads\/2023\/08\/SAPCO-Senegal.jpg 400w, https:\/\/botschaft-senegal.de\/wp-content\/uploads\/2023\/08\/SAPCO-Senegal-300x300.jpg 300w, https:\/\/botschaft-senegal.de\/wp-content\/uploads\/2023\/08\/SAPCO-Senegal-150x150.jpg 150w\" sizes=\"auto, (max-width: 400px) 100vw, 400px\" \/><\/a><\/figure>\n<\/div>\n\n\n\n<div class=\"wp-block-column is-layout-flow wp-block-column-is-layout-flow\">\n<figure class=\"wp-block-image size-full\"><a href=\"https:\/\/www.visitezlesenegal.com\/en\/\"><img loading=\"lazy\" decoding=\"async\" width=\"318\" height=\"159\" src=\"https:\/\/botschaft-senegal.de\/wp-content\/uploads\/2023\/08\/ASPT-logo.png\" alt=\"logo ASPT\" class=\"wp-image-327\" srcset=\"https:\/\/botschaft-senegal.de\/wp-content\/uploads\/2023\/08\/ASPT-logo.png 318w, https:\/\/botschaft-senegal.de\/wp-content\/uploads\/2023\/08\/ASPT-logo-300x150.png 300w\" sizes=\"auto, (max-width: 318px) 100vw, 318px\" \/><\/a><\/figure>\n<\/div>\n<\/div>","protected":false},"excerpt":{"rendered":"<p>Investir au S\u00e9n\u00e9gal, le Pays de la T\u00e9ranga L\u2019Agence Nationale charg\u00e9e de la Promotion de l\u2019Investissement et des Grands Travaux (APIX-S.A.) est l&rsquo;agence gouvernementale s\u00e9n\u00e9galaise charg\u00e9e de promouvoir les investissements nationaux et \u00e9trangers et de faciliter la mise en \u0153uvre de grands projets d&rsquo;infrastructures dans le pays. Site Web de l&rsquo;APIX VOIR AUSSI<\/p>","protected":false},"author":1,"featured_media":0,"parent":209,"menu_order":1,"comment_status":"closed","ping_status":"closed","template":"","meta":{"footnotes":""},"class_list":["post-319","page","type-page","status-publish","hentry"],"blocksy_meta":[],"yoast_head":"<!-- This site is optimized with the Yoast SEO plugin v27.5 - https:\/\/yoast.com\/product\/yoast-seo-wordpress\/ -->\n<title>Investir au S\u00e9n\u00e9gal - Ambassade du S&eacute;n&eacute;gal en Allemagne<\/title>\n<meta name=\"description\" content=\"Ambassade S\u00e9n\u00e9gal -Diplomatie - Passeport - Visa - Tourisme - Investissement --- Senegalische Botschaft in Deutschland \u2013 Diplomatie \u2013 Reisepass \u2013 Visum \u2013 Tourismus \u2013 Investition --- Embassy of Senegal \u2013 Diplomacy \u2013 Passport \u2013 Visa \u2013 Tourism \u2013 Investment\" \/>\n<meta name=\"robots\" content=\"index, follow, max-snippet:-1, max-image-preview:large, max-video-preview:-1\" \/>\n<link rel=\"canonical\" href=\"https:\/\/botschaft-senega-r4b19ptaoc.live-website.com\/senegal\/investir-au-senegal\/\" \/>\n<meta property=\"og:locale\" content=\"de_DE\" \/>\n<meta property=\"og:type\" content=\"article\" \/>\n<meta property=\"og:title\" content=\"Investir au S\u00e9n\u00e9gal - Ambassade du S&eacute;n&eacute;gal en Allemagne\" \/>\n<meta property=\"og:description\" content=\"Ambassade S\u00e9n\u00e9gal -Diplomatie - Passeport - Visa - Tourisme - Investissement --- Senegalische Botschaft in Deutschland \u2013 Diplomatie \u2013 Reisepass \u2013 Visum \u2013 Tourismus \u2013 Investition --- Embassy of Senegal \u2013 Diplomacy \u2013 Passport \u2013 Visa \u2013 Tourism \u2013 Investment\" \/>\n<meta property=\"og:url\" content=\"https:\/\/botschaft-senega-r4b19ptaoc.live-website.com\/senegal\/investir-au-senegal\/\" \/>\n<meta property=\"og:site_name\" content=\"Ambassade du S&eacute;n&eacute;gal en Allemagne\" \/>\n<meta property=\"article:modified_time\" content=\"2023-12-06T14:39:18+00:00\" \/>\n<meta property=\"og:image\" content=\"https:\/\/botschaft-senega-r4b19ptaoc.live-website.com\/wp-content\/uploads\/2023\/08\/IMG-Investisseurs-1024x296.webp\" \/>\n<meta name=\"twitter:card\" content=\"summary_large_image\" \/>\n<script type=\"application\/ld+json\" class=\"yoast-schema-graph\">{\"@context\":\"https:\\\/\\\/schema.org\",\"@graph\":[{\"@type\":\"WebPage\",\"@id\":\"https:\\\/\\\/botschaft-senega-r4b19ptaoc.live-website.com\\\/senegal\\\/investir-au-senegal\\\/\",\"url\":\"https:\\\/\\\/botschaft-senega-r4b19ptaoc.live-website.com\\\/senegal\\\/investir-au-senegal\\\/\",\"name\":\"Investir au S\u00e9n\u00e9gal - Ambassade du S&eacute;n&eacute;gal en Allemagne\",\"isPartOf\":{\"@id\":\"https:\\\/\\\/botschaft-senega-r4b19ptaoc.live-website.com\\\/#website\"},\"primaryImageOfPage\":{\"@id\":\"https:\\\/\\\/botschaft-senega-r4b19ptaoc.live-website.com\\\/senegal\\\/investir-au-senegal\\\/#primaryimage\"},\"image\":{\"@id\":\"https:\\\/\\\/botschaft-senega-r4b19ptaoc.live-website.com\\\/senegal\\\/investir-au-senegal\\\/#primaryimage\"},\"thumbnailUrl\":\"https:\\\/\\\/botschaft-senegal.de\\\/wp-content\\\/uploads\\\/2023\\\/08\\\/IMG-Investisseurs-1024x296.webp\",\"datePublished\":\"2023-08-06T21:38:41+00:00\",\"dateModified\":\"2023-12-06T14:39:18+00:00\",\"description\":\"Ambassade S\u00e9n\u00e9gal -Diplomatie - Passeport - Visa - Tourisme - Investissement --- Senegalische Botschaft in Deutschland \u2013 Diplomatie \u2013 Reisepass \u2013 Visum \u2013 Tourismus \u2013 Investition --- Embassy of Senegal \u2013 Diplomacy \u2013 Passport \u2013 Visa \u2013 Tourism \u2013 Investment\",\"breadcrumb\":{\"@id\":\"https:\\\/\\\/botschaft-senega-r4b19ptaoc.live-website.com\\\/senegal\\\/investir-au-senegal\\\/#breadcrumb\"},\"inLanguage\":\"de\",\"potentialAction\":[{\"@type\":\"ReadAction\",\"target\":[\"https:\\\/\\\/botschaft-senega-r4b19ptaoc.live-website.com\\\/senegal\\\/investir-au-senegal\\\/\"]}]},{\"@type\":\"ImageObject\",\"inLanguage\":\"de\",\"@id\":\"https:\\\/\\\/botschaft-senega-r4b19ptaoc.live-website.com\\\/senegal\\\/investir-au-senegal\\\/#primaryimage\",\"url\":\"https:\\\/\\\/botschaft-senegal.de\\\/wp-content\\\/uploads\\\/2023\\\/08\\\/IMG-Investisseurs-1024x296.webp\",\"contentUrl\":\"https:\\\/\\\/botschaft-senegal.de\\\/wp-content\\\/uploads\\\/2023\\\/08\\\/IMG-Investisseurs-1024x296.webp\"},{\"@type\":\"BreadcrumbList\",\"@id\":\"https:\\\/\\\/botschaft-senega-r4b19ptaoc.live-website.com\\\/senegal\\\/investir-au-senegal\\\/#breadcrumb\",\"itemListElement\":[{\"@type\":\"ListItem\",\"position\":1,\"name\":\"Accueil\",\"item\":\"https:\\\/\\\/botschaft-senegal.de\\\/\"},{\"@type\":\"ListItem\",\"position\":2,\"name\":\"A propos du S\u00e9n\u00e9gal\",\"item\":\"https:\\\/\\\/botschaft-senega-r4b19ptaoc.live-website.com\\\/senegal\\\/\"},{\"@type\":\"ListItem\",\"position\":3,\"name\":\"Investir au S\u00e9n\u00e9gal\"}]},{\"@type\":\"WebSite\",\"@id\":\"https:\\\/\\\/botschaft-senega-r4b19ptaoc.live-website.com\\\/#website\",\"url\":\"https:\\\/\\\/botschaft-senega-r4b19ptaoc.live-website.com\\\/\",\"name\":\"Ambassade du S\u00e9n\u00e9gal \u00e0 Berlin\",\"description\":\"Ambassade du S&eacute;n&eacute;gal &agrave; Berlin\",\"publisher\":{\"@id\":\"https:\\\/\\\/botschaft-senega-r4b19ptaoc.live-website.com\\\/#organization\"},\"alternateName\":\"Botschaft Senegal\",\"potentialAction\":[{\"@type\":\"SearchAction\",\"target\":{\"@type\":\"EntryPoint\",\"urlTemplate\":\"https:\\\/\\\/botschaft-senega-r4b19ptaoc.live-website.com\\\/?s={search_term_string}\"},\"query-input\":{\"@type\":\"PropertyValueSpecification\",\"valueRequired\":true,\"valueName\":\"search_term_string\"}}],\"inLanguage\":\"de\"},{\"@type\":\"Organization\",\"@id\":\"https:\\\/\\\/botschaft-senega-r4b19ptaoc.live-website.com\\\/#organization\",\"name\":\"Ambassade du S\u00e9n\u00e9gal \u00e0 Berlin - Botschaft Senegal\",\"alternateName\":\"Botschaft senegal\",\"url\":\"https:\\\/\\\/botschaft-senega-r4b19ptaoc.live-website.com\\\/\",\"logo\":{\"@type\":\"ImageObject\",\"inLanguage\":\"de\",\"@id\":\"https:\\\/\\\/botschaft-senega-r4b19ptaoc.live-website.com\\\/#\\\/schema\\\/logo\\\/image\\\/\",\"url\":\"https:\\\/\\\/botschaft-senegal.de\\\/wp-content\\\/uploads\\\/2023\\\/07\\\/logo.svg.png\",\"contentUrl\":\"https:\\\/\\\/botschaft-senegal.de\\\/wp-content\\\/uploads\\\/2023\\\/07\\\/logo.svg.png\",\"width\":200,\"height\":237,\"caption\":\"Ambassade du S\u00e9n\u00e9gal \u00e0 Berlin - Botschaft Senegal\"},\"image\":{\"@id\":\"https:\\\/\\\/botschaft-senega-r4b19ptaoc.live-website.com\\\/#\\\/schema\\\/logo\\\/image\\\/\"}}]}<\/script>\n<!-- \/ Yoast SEO plugin. -->","yoast_head_json":{"title":"Investir au S\u00e9n\u00e9gal - Ambassade du S&eacute;n&eacute;gal en Allemagne","description":"Ambassade S\u00e9n\u00e9gal -Diplomatie - Passeport - Visa - Tourisme - Investissement --- Senegalische Botschaft in Deutschland \u2013 Diplomatie \u2013 Reisepass \u2013 Visum \u2013 Tourismus \u2013 Investition --- Embassy of Senegal \u2013 Diplomacy \u2013 Passport \u2013 Visa \u2013 Tourism \u2013 Investment","robots":{"index":"index","follow":"follow","max-snippet":"max-snippet:-1","max-image-preview":"max-image-preview:large","max-video-preview":"max-video-preview:-1"},"canonical":"https:\/\/botschaft-senega-r4b19ptaoc.live-website.com\/senegal\/investir-au-senegal\/","og_locale":"de_DE","og_type":"article","og_title":"Investir au S\u00e9n\u00e9gal - Ambassade du S&eacute;n&eacute;gal en Allemagne","og_description":"Ambassade S\u00e9n\u00e9gal -Diplomatie - Passeport - Visa - Tourisme - Investissement --- Senegalische Botschaft in Deutschland \u2013 Diplomatie \u2013 Reisepass \u2013 Visum \u2013 Tourismus \u2013 Investition --- Embassy of Senegal \u2013 Diplomacy \u2013 Passport \u2013 Visa \u2013 Tourism \u2013 Investment","og_url":"https:\/\/botschaft-senega-r4b19ptaoc.live-website.com\/senegal\/investir-au-senegal\/","og_site_name":"Ambassade du S&eacute;n&eacute;gal en Allemagne","article_modified_time":"2023-12-06T14:39:18+00:00","og_image":[{"url":"https:\/\/botschaft-senega-r4b19ptaoc.live-website.com\/wp-content\/uploads\/2023\/08\/IMG-Investisseurs-1024x296.webp","type":"","width":"","height":""}],"twitter_card":"summary_large_image","schema":{"@context":"https:\/\/schema.org","@graph":[{"@type":"WebPage","@id":"https:\/\/botschaft-senega-r4b19ptaoc.live-website.com\/senegal\/investir-au-senegal\/","url":"https:\/\/botschaft-senega-r4b19ptaoc.live-website.com\/senegal\/investir-au-senegal\/","name":"Investir au S\u00e9n\u00e9gal - Ambassade du S&eacute;n&eacute;gal en Allemagne","isPartOf":{"@id":"https:\/\/botschaft-senega-r4b19ptaoc.live-website.com\/#website"},"primaryImageOfPage":{"@id":"https:\/\/botschaft-senega-r4b19ptaoc.live-website.com\/senegal\/investir-au-senegal\/#primaryimage"},"image":{"@id":"https:\/\/botschaft-senega-r4b19ptaoc.live-website.com\/senegal\/investir-au-senegal\/#primaryimage"},"thumbnailUrl":"https:\/\/botschaft-senegal.de\/wp-content\/uploads\/2023\/08\/IMG-Investisseurs-1024x296.webp","datePublished":"2023-08-06T21:38:41+00:00","dateModified":"2023-12-06T14:39:18+00:00","description":"Ambassade S\u00e9n\u00e9gal -Diplomatie - Passeport - Visa - Tourisme - Investissement --- Senegalische Botschaft in Deutschland \u2013 Diplomatie \u2013 Reisepass \u2013 Visum \u2013 Tourismus \u2013 Investition --- Embassy of Senegal \u2013 Diplomacy \u2013 Passport \u2013 Visa \u2013 Tourism \u2013 Investment","breadcrumb":{"@id":"https:\/\/botschaft-senega-r4b19ptaoc.live-website.com\/senegal\/investir-au-senegal\/#breadcrumb"},"inLanguage":"de","potentialAction":[{"@type":"ReadAction","target":["https:\/\/botschaft-senega-r4b19ptaoc.live-website.com\/senegal\/investir-au-senegal\/"]}]},{"@type":"ImageObject","inLanguage":"de","@id":"https:\/\/botschaft-senega-r4b19ptaoc.live-website.com\/senegal\/investir-au-senegal\/#primaryimage","url":"https:\/\/botschaft-senegal.de\/wp-content\/uploads\/2023\/08\/IMG-Investisseurs-1024x296.webp","contentUrl":"https:\/\/botschaft-senegal.de\/wp-content\/uploads\/2023\/08\/IMG-Investisseurs-1024x296.webp"},{"@type":"BreadcrumbList","@id":"https:\/\/botschaft-senega-r4b19ptaoc.live-website.com\/senegal\/investir-au-senegal\/#breadcrumb","itemListElement":[{"@type":"ListItem","position":1,"name":"Accueil","item":"https:\/\/botschaft-senegal.de\/"},{"@type":"ListItem","position":2,"name":"A propos du S\u00e9n\u00e9gal","item":"https:\/\/botschaft-senega-r4b19ptaoc.live-website.com\/senegal\/"},{"@type":"ListItem","position":3,"name":"Investir au S\u00e9n\u00e9gal"}]},{"@type":"WebSite","@id":"https:\/\/botschaft-senega-r4b19ptaoc.live-website.com\/#website","url":"https:\/\/botschaft-senega-r4b19ptaoc.live-website.com\/","name":"Ambassade du S\u00e9n\u00e9gal \u00e0 Berlin","description":"Ambassade du S&eacute;n&eacute;gal &agrave; Berlin","publisher":{"@id":"https:\/\/botschaft-senega-r4b19ptaoc.live-website.com\/#organization"},"alternateName":"Botschaft Senegal","potentialAction":[{"@type":"SearchAction","target":{"@type":"EntryPoint","urlTemplate":"https:\/\/botschaft-senega-r4b19ptaoc.live-website.com\/?s={search_term_string}"},"query-input":{"@type":"PropertyValueSpecification","valueRequired":true,"valueName":"search_term_string"}}],"inLanguage":"de"},{"@type":"Organization","@id":"https:\/\/botschaft-senega-r4b19ptaoc.live-website.com\/#organization","name":"Ambassade du S\u00e9n\u00e9gal \u00e0 Berlin - Botschaft Senegal","alternateName":"Botschaft senegal","url":"https:\/\/botschaft-senega-r4b19ptaoc.live-website.com\/","logo":{"@type":"ImageObject","inLanguage":"de","@id":"https:\/\/botschaft-senega-r4b19ptaoc.live-website.com\/#\/schema\/logo\/image\/","url":"https:\/\/botschaft-senegal.de\/wp-content\/uploads\/2023\/07\/logo.svg.png","contentUrl":"https:\/\/botschaft-senegal.de\/wp-content\/uploads\/2023\/07\/logo.svg.png","width":200,"height":237,"caption":"Ambassade du S\u00e9n\u00e9gal \u00e0 Berlin - Botschaft Senegal"},"image":{"@id":"https:\/\/botschaft-senega-r4b19ptaoc.live-website.com\/#\/schema\/logo\/image\/"}}]}},"_links":{"self":[{"href":"https:\/\/botschaft-senegal.de\/de\/wp-json\/wp\/v2\/pages\/319","targetHints":{"allow":["GET"]}}],"collection":[{"href":"https:\/\/botschaft-senegal.de\/de\/wp-json\/wp\/v2\/pages"}],"about":[{"href":"https:\/\/botschaft-senegal.de\/de\/wp-json\/wp\/v2\/types\/page"}],"author":[{"embeddable":true,"href":"https:\/\/botschaft-senegal.de\/de\/wp-json\/wp\/v2\/users\/1"}],"replies":[{"embeddable":true,"href":"https:\/\/botschaft-senegal.de\/de\/wp-json\/wp\/v2\/comments?post=319"}],"version-history":[{"count":12,"href":"https:\/\/botschaft-senegal.de\/de\/wp-json\/wp\/v2\/pages\/319\/revisions"}],"predecessor-version":[{"id":766,"href":"https:\/\/botschaft-senegal.de\/de\/wp-json\/wp\/v2\/pages\/319\/revisions\/766"}],"up":[{"embeddable":true,"href":"https:\/\/botschaft-senegal.de\/de\/wp-json\/wp\/v2\/pages\/209"}],"wp:attachment":[{"href":"https:\/\/botschaft-senegal.de\/de\/wp-json\/wp\/v2\/media?parent=319"}],"curies":[{"name":"wp","href":"https:\/\/api.w.org\/{rel}","templated":true}]}}