{"id":372,"date":"2023-08-07T23:12:05","date_gmt":"2023-08-07T21:12:05","guid":{"rendered":"https:\/\/botschaft-senegal.de\/?page_id=372"},"modified":"2026-02-12T14:52:57","modified_gmt":"2026-02-12T13:52:57","slug":"etat-civil","status":"publish","type":"page","link":"https:\/\/botschaft-senegal.de\/de\/services-consulaires\/etat-civil\/","title":{"rendered":"Services d&rsquo;\u00e9tat civil consulaire"},"content":{"rendered":"<style>.wp-block-kadence-advancedheading.kt-adv-heading372_80548b-c5, .wp-block-kadence-advancedheading.kt-adv-heading372_80548b-c5[data-kb-block=\"kb-adv-heading372_80548b-c5\"]{font-size:var(--global-kb-font-size-md, 1.25rem);font-style:normal;border-top:5px solid var(--theme-palette-color-5, #e1e8ed);border-right:5px solid var(--theme-palette-color-5, #e1e8ed);border-bottom:5px solid var(--theme-palette-color-5, #e1e8ed);border-left:5px solid var(--theme-palette-color-5, #e1e8ed);border-top-left-radius:50px;border-top-right-radius:200px;border-bottom-right-radius:200px;border-bottom-left-radius:20px;}.wp-block-kadence-advancedheading.kt-adv-heading372_80548b-c5 mark.kt-highlight, .wp-block-kadence-advancedheading.kt-adv-heading372_80548b-c5[data-kb-block=\"kb-adv-heading372_80548b-c5\"] mark.kt-highlight{font-style:normal;color:#f76a0c;-webkit-box-decoration-break:clone;box-decoration-break:clone;padding-top:0px;padding-right:0px;padding-bottom:0px;padding-left:0px;}.wp-block-kadence-advancedheading.kt-adv-heading372_80548b-c5 img.kb-inline-image, .wp-block-kadence-advancedheading.kt-adv-heading372_80548b-c5[data-kb-block=\"kb-adv-heading372_80548b-c5\"] img.kb-inline-image{width:150px;vertical-align:baseline;}@media all and (max-width: 1024px){.wp-block-kadence-advancedheading.kt-adv-heading372_80548b-c5, .wp-block-kadence-advancedheading.kt-adv-heading372_80548b-c5[data-kb-block=\"kb-adv-heading372_80548b-c5\"]{border-top:5px solid var(--theme-palette-color-5, #e1e8ed);border-right:5px solid var(--theme-palette-color-5, #e1e8ed);border-bottom:5px solid var(--theme-palette-color-5, #e1e8ed);border-left:5px solid var(--theme-palette-color-5, #e1e8ed);}}@media all and (max-width: 767px){.wp-block-kadence-advancedheading.kt-adv-heading372_80548b-c5, .wp-block-kadence-advancedheading.kt-adv-heading372_80548b-c5[data-kb-block=\"kb-adv-heading372_80548b-c5\"]{border-top:5px solid var(--theme-palette-color-5, #e1e8ed);border-right:5px solid var(--theme-palette-color-5, #e1e8ed);border-bottom:5px solid var(--theme-palette-color-5, #e1e8ed);border-left:5px solid var(--theme-palette-color-5, #e1e8ed);}}<\/style>\n<h2 class=\"kt-adv-heading372_80548b-c5 wp-block-kadence-advancedheading has-palette-color-5-background-color has-background\" data-kb-block=\"kb-adv-heading372_80548b-c5\">Les services consulaires<\/h2>\n\n\n\n<h2 class=\"wp-block-heading has-text-align-center\"><strong>Immatriculation consulaire<\/strong><\/h2>\n\n\n\n<p class=\"has-text-align-left\">Il est vivement recommand\u00e9 aux ressortissants s\u00e9n\u00e9galais de se faire immatriculer en vue de la d\u00e9livrance d&rsquo;une <strong>carte consulaire.<\/strong> <br>Le dossier comprend:<\/p>\n\n\n\n<ul class=\"wp-block-list\">\n<li>Demande de l\u2019int\u00e9ress\u00e9<\/li>\n\n\n\n<li>Formulaire d&rsquo;immatriculation<br><strong>(a t\u00e9l\u00e9charger ci-apr\u00e8s)<\/strong><\/li>\n\n\n\n<li>Photocopie du passeport&nbsp;<\/li>\n\n\n\n<li>Photocopie de la carte nationale d\u2019identit\u00e9<\/li>\n\n\n\n<li>2 photos d&rsquo;identit\u00e9 prise de face<\/li>\n\n\n\n<li>Une enveloppe timbr\u00e9e recommand\u00e9e portant l&rsquo;adresse du demandeur, si besoin<\/li>\n\n\n\n<li>Frais de timbre fiscal de 2.000 FCFA soit 3,5 euros.<\/li>\n<\/ul>\n\n\n\n<div class=\"wp-block-group is-nowrap is-layout-flex wp-container-core-group-is-layout-6c531013 wp-block-group-is-layout-flex\">\n<h5 class=\"wp-block-heading has-medium-font-size\"><strong><a href=\"https:\/\/botschaft-senegal.de\/wp-content\/uploads\/2026\/02\/Formulaire-immatriculation-2026.pdf\">T\u00e9l\u00e9charger le formulaire d&rsquo;immatriculation consulaire -><\/a><\/strong><\/h5>\n\n\n<style>.kt-svg-icons372_1d0293-60 .kt-svg-item-0 .kb-svg-icon-wrap{color:var(--global-palette4, #2D3748);font-size:50px;}.wp-block-kadence-icon.kt-svg-icons372_1d0293-60{justify-content:center;}<\/style>\n<div class=\"wp-block-kadence-icon kt-svg-icons kt-svg-icons372_1d0293-60 alignnone\"><style>.kt-svg-item-372_56533f-dc .kb-svg-icon-wrap, .kt-svg-style-stacked.kt-svg-item-372_56533f-dc .kb-svg-icon-wrap{color:var(--theme-palette-color-2, #1559ed);font-size:60px;}.kt-svg-item-372_56533f-dc:hover .kb-svg-icon-wrap{color:var(--theme-palette-color-4, #192a3d);}<\/style>\n<div class=\"wp-block-kadence-single-icon kt-svg-style-default kt-svg-icon-wrap kt-svg-item-372_56533f-dc\"><a href=\"https:\/\/botschaft-senegal.de\/wp-content\/uploads\/2026\/02\/Formulaire-immatriculation-2026.pdf\" class=\"kt-svg-icon-link\" target=\"_blank\" rel=\"noopener noreferrer\"><span class=\"kb-svg-icon-wrap kb-svg-icon-fe_download\"><svg viewBox=\"0 0 24 24\"  fill=\"none\" stroke=\"currentColor\" stroke-width=\"2\" stroke-linecap=\"round\" stroke-linejoin=\"round\" xmlns=\"http:\/\/www.w3.org\/2000\/svg\"  aria-hidden=\"true\"><path d=\"M21 15v4a2 2 0 0 1-2 2H5a2 2 0 0 1-2-2v-4\"\/><polyline points=\"7 10 12 15 17 10\"\/><line x1=\"12\" y1=\"15\" x2=\"12\" y2=\"3\"\/><\/svg><\/span><\/a><\/div>\n<\/div>\n<\/div>\n\n\n\n<h2 class=\"wp-block-heading has-text-align-center\" id=\"naissance\"><strong>Transcription de naissance<\/strong><\/h2>\n\n\n\n<p>Le dossier comprend:<\/p>\n\n\n\n<ul class=\"wp-block-list\">\n<li>Une demande formul\u00e9e par l\u2019un des parents<\/li>\n\n\n\n<li>L&rsquo;original de l&rsquo;extrait de naissance international<\/li>\n\n\n\n<li>Copie du passeport ou de la carte nationale d&rsquo;identit\u00e9 de l&rsquo;un des parents s\u00e9n\u00e9galais<\/li>\n\n\n\n<li>Une&nbsp;enveloppe timbr\u00e9e recommand\u00e9e portant l&rsquo;adresse du demandeur, si besoin<\/li>\n<\/ul>\n\n\n\n<h2 class=\"wp-block-heading has-text-align-center\" id=\"tr-mariage\"><strong>Transcription de mariage<\/strong><\/h2>\n\n\n\n<p>Le dossier comprend:<\/p>\n\n\n\n<ul class=\"wp-block-list\">\n<li>Une demande formul\u00e9e par le conjoint s\u00e9n\u00e9galais<\/li>\n\n\n\n<li>L&rsquo;original de l&rsquo;acte de mariage international<\/li>\n\n\n\n<li>Copie du passeport ou de la carte nationale d&rsquo;identit\u00e9 du conjoint s\u00e9n\u00e9galais<\/li>\n\n\n\n<li>Une&nbsp;enveloppe timbr\u00e9e recommand\u00e9e portant l&rsquo;adresse du demandeur, si besoin<\/li>\n<\/ul>\n\n\n\n<h2 class=\"wp-block-heading has-text-align-center\" id=\"celeb-mariage\"><strong>C\u00e9l\u00e9bration de mariage<\/strong><\/h2>\n\n\n\n<ul class=\"wp-block-list\">\n<li>Deux S\u00e9n\u00e9galais peuvent se marier \u00e0 l\u2019Ambassade. Pour ce faire les documents suivants sont n\u00e9cessaires pour chacun des \u00e9poux:<\/li>\n\n\n\n<li>une demande de c\u00e9l\u00e9bration de mariage;<\/li>\n\n\n\n<li>un extrait de naissance de moins de 3 mois \u00e0 l\u00e9galiser au Minist\u00e8re de l&rsquo;Int\u00e9gration africaine et des Affaires \u00e9trang\u00e8res  (MIAAE) ;<\/li>\n\n\n\n<li>Un certificat de c\u00e9libat \u00e0 l\u00e9galiser au MIAAE&nbsp;;<\/li>\n\n\n\n<li>Si l\u2019un des conjoints est divorc\u00e9, pr\u00e9senter un certificat de divorce, l\u00e9galis\u00e9 au MIAAE&nbsp;;<\/li>\n\n\n\n<li>Si l\u2019homme est mari\u00e9 (polygame), pr\u00e9senter un certificat de mariage, l\u00e9galis\u00e9 au MIAAE&nbsp;;<\/li>\n\n\n\n<li>la photocopie du passeport en cours de validit\u00e9 de chacun des futurs \u00e9poux,<\/li>\n\n\n\n<li>la photocopie de la pi\u00e8ce d\u2019identit\u00e9 des deux t\u00e9moins,<\/li>\n\n\n\n<li>Une&nbsp;enveloppe timbr\u00e9e recommand\u00e9e portant l&rsquo;adresse du demandeur, si besoin.<\/li>\n<\/ul>\n\n\n\n<p>Apr\u00e8s r\u00e9ception de la demande la suite de la proc\u00e9dure se d\u00e9roule comme suit:<\/p>\n\n\n\n<ul class=\"wp-block-list\">\n<li>Publication de Ban pour une dur\u00e9e d\u2019un mois&nbsp;;<\/li>\n\n\n\n<li>Fixation de la date de la c\u00e9l\u00e9bration du mariage \u00e0 l\u2019Ambassade&nbsp;;<\/li>\n\n\n\n<li>Les mari\u00e9s doivent se pr\u00e9senter \u00e0 l\u2019Ambassade chacun avec deux t\u00e9moins le jour de la c\u00e9l\u00e9bration du mariage par l\u2019Ambassadeur&nbsp;;<\/li>\n\n\n\n<li>Enfin, remettre le certificat mariage aux mari\u00e9s.<\/li>\n<\/ul>\n\n\n\n<h2 class=\"wp-block-heading has-text-align-center\" id=\"NIN\"><strong>Num\u00e9ro d&rsquo;immatriculation nationale<\/strong><\/h2>\n\n\n\n<ul class=\"wp-block-list\">\n<li>Demande manuscrite des parents<\/li>\n\n\n\n<li>Original de l&rsquo;extrait de l&rsquo;acte de naissance s\u00e9n\u00e9galais de l&rsquo;enfant<\/li>\n\n\n\n<li>Photocopie du passeport ou de la carte nationale d&rsquo;identit\u00e9 des parents<\/li>\n\n\n\n<li>Une&nbsp;enveloppe timbr\u00e9e recommand\u00e9e portant l&rsquo;adresse du demandeur, si besoin<\/li>\n<\/ul>\n\n\n\n<h2 class=\"wp-block-heading has-text-align-center\" id=\"capa-mariage\"><strong>Certificat de capacit\u00e9 \u00e0 mariage<\/strong><\/h2>\n\n\n\n<p>Le dossier comprend:<\/p>\n\n\n\n<ul class=\"wp-block-list\">\n<li>Une demande de l\u2019int\u00e9ress\u00e9 (e);<\/li>\n\n\n\n<li>Une copie du passeport en cours de validit\u00e9;<\/li>\n\n\n\n<li>Un extrait de naissance de moins de trois (03) mois ou (copie de la carte d\u2019identit\u00e9 nationale) l\u00e9galis\u00e9 au Minist\u00e8re de l&rsquo;Int\u00e9gration africaine et des Affaires \u00e9trang\u00e8res;<\/li>\n\n\n\n<li>Photocopie du passeport de la personne contractante;<\/li>\n\n\n\n<li>Un certificat de c\u00e9libat de moins de trois (03) mois l\u00e9galis\u00e9 au Minist\u00e8re de l&rsquo;Int\u00e9gration africaine et des Affaires \u00e9trang\u00e8res;<\/li>\n\n\n\n<li>Une&nbsp;enveloppe timbr\u00e9e recommand\u00e9e portant l&rsquo;adresse du demandeur, si besoin.<\/li>\n<\/ul>\n\n\n\n<h2 class=\"wp-block-heading has-text-align-center\" id=\"tr-deces\"><strong>Transcription de d\u00e9c\u00e8s<\/strong><\/h2>\n\n\n\n<p>Le dossier comprend<\/p>\n\n\n\n<ul class=\"wp-block-list\">\n<li>Une demande du conjoint, d&rsquo;un ascendant ou d&rsquo;un descendant<\/li>\n\n\n\n<li>L&rsquo;original de l&rsquo;extrait d&rsquo;acte de d\u00e9c\u00e8s international<\/li>\n\n\n\n<li>Copie du passeport ou de la carte national d&rsquo;identit\u00e9 du demandeur et du d\u00e9funt<\/li>\n\n\n\n<li>Une&nbsp;enveloppe timbr\u00e9e recommand\u00e9e portant l&rsquo;adresse du demandeur, si besoin<\/li>\n<\/ul>\n","protected":false},"excerpt":{"rendered":"<p>Les services d&rsquo;\u00e9tat civil offerts aux usagers de l&rsquo;Ambassade du S\u00e9n\u00e9gal a Berlin<\/p>","protected":false},"author":1,"featured_media":0,"parent":27,"menu_order":1,"comment_status":"closed","ping_status":"closed","template":"","meta":{"footnotes":""},"class_list":["post-372","page","type-page","status-publish","hentry"],"blocksy_meta":[],"yoast_head":"<!-- This site is optimized with the Yoast SEO plugin v27.5 - https:\/\/yoast.com\/product\/yoast-seo-wordpress\/ -->\n<title>Services d&#039;\u00e9tat civil consulaire - Ambassade du S&eacute;n&eacute;gal en Allemagne<\/title>\n<meta name=\"description\" content=\"Ambassade S\u00e9n\u00e9gal -Diplomatie - Passeport - Visa - Tourisme - Investissement --- Senegalische Botschaft in Deutschland \u2013 Diplomatie \u2013 Reisepass \u2013 Visum \u2013 Tourismus \u2013 Investition --- Embassy of Senegal \u2013 Diplomacy \u2013 Passport \u2013 Visa \u2013 Tourism \u2013 Investment\" \/>\n<meta name=\"robots\" content=\"index, follow, max-snippet:-1, max-image-preview:large, max-video-preview:-1\" \/>\n<link rel=\"canonical\" href=\"https:\/\/botschaft-senegal.de\/de\/services-consulaires\/etat-civil\/\" \/>\n<meta property=\"og:locale\" content=\"de_DE\" \/>\n<meta property=\"og:type\" content=\"article\" \/>\n<meta property=\"og:title\" content=\"Services d&#039;\u00e9tat civil consulaire - Ambassade du S&eacute;n&eacute;gal en Allemagne\" \/>\n<meta property=\"og:description\" content=\"Ambassade S\u00e9n\u00e9gal -Diplomatie - Passeport - Visa - Tourisme - Investissement --- Senegalische Botschaft in Deutschland \u2013 Diplomatie \u2013 Reisepass \u2013 Visum \u2013 Tourismus \u2013 Investition --- Embassy of Senegal \u2013 Diplomacy \u2013 Passport \u2013 Visa \u2013 Tourism \u2013 Investment\" \/>\n<meta property=\"og:url\" content=\"https:\/\/botschaft-senegal.de\/de\/services-consulaires\/etat-civil\/\" \/>\n<meta property=\"og:site_name\" content=\"Ambassade du S&eacute;n&eacute;gal en Allemagne\" \/>\n<meta property=\"article:modified_time\" content=\"2026-02-12T13:52:57+00:00\" \/>\n<meta property=\"og:image\" content=\"https:\/\/botschaft-senegal.de\/wp-content\/uploads\/2023\/08\/flag.jpg\" \/>\n\t<meta property=\"og:image:width\" content=\"266\" \/>\n\t<meta property=\"og:image:height\" content=\"198\" \/>\n\t<meta property=\"og:image:type\" content=\"image\/jpeg\" \/>\n<meta name=\"twitter:card\" content=\"summary_large_image\" \/>\n<meta name=\"twitter:label1\" content=\"Gesch\u00e4tzte Lesezeit\" \/>\n\t<meta name=\"twitter:data1\" content=\"3 Minuten\" \/>\n<script type=\"application\/ld+json\" class=\"yoast-schema-graph\">{\"@context\":\"https:\\\/\\\/schema.org\",\"@graph\":[{\"@type\":\"WebPage\",\"@id\":\"https:\\\/\\\/botschaft-senegal.de\\\/services-consulaires\\\/etat-civil\\\/\",\"url\":\"https:\\\/\\\/botschaft-senegal.de\\\/services-consulaires\\\/etat-civil\\\/\",\"name\":\"Services d'\u00e9tat civil consulaire - Ambassade du S&eacute;n&eacute;gal en Allemagne\",\"isPartOf\":{\"@id\":\"https:\\\/\\\/botschaft-senega-r4b19ptaoc.live-website.com\\\/#website\"},\"datePublished\":\"2023-08-07T21:12:05+00:00\",\"dateModified\":\"2026-02-12T13:52:57+00:00\",\"description\":\"Ambassade S\u00e9n\u00e9gal -Diplomatie - Passeport - Visa - Tourisme - Investissement --- Senegalische Botschaft in Deutschland \u2013 Diplomatie \u2013 Reisepass \u2013 Visum \u2013 Tourismus \u2013 Investition --- Embassy of Senegal \u2013 Diplomacy \u2013 Passport \u2013 Visa \u2013 Tourism \u2013 Investment\",\"breadcrumb\":{\"@id\":\"https:\\\/\\\/botschaft-senegal.de\\\/services-consulaires\\\/etat-civil\\\/#breadcrumb\"},\"inLanguage\":\"de\",\"potentialAction\":[{\"@type\":\"ReadAction\",\"target\":[\"https:\\\/\\\/botschaft-senegal.de\\\/services-consulaires\\\/etat-civil\\\/\"]}]},{\"@type\":\"BreadcrumbList\",\"@id\":\"https:\\\/\\\/botschaft-senegal.de\\\/services-consulaires\\\/etat-civil\\\/#breadcrumb\",\"itemListElement\":[{\"@type\":\"ListItem\",\"position\":1,\"name\":\"Accueil\",\"item\":\"https:\\\/\\\/botschaft-senegal.de\\\/\"},{\"@type\":\"ListItem\",\"position\":2,\"name\":\"Nos services consulaires\",\"item\":\"https:\\\/\\\/botschaft-senegal.de\\\/services-consulaires\\\/\"},{\"@type\":\"ListItem\",\"position\":3,\"name\":\"Services d&rsquo;\u00e9tat civil consulaire\"}]},{\"@type\":\"WebSite\",\"@id\":\"https:\\\/\\\/botschaft-senega-r4b19ptaoc.live-website.com\\\/#website\",\"url\":\"https:\\\/\\\/botschaft-senega-r4b19ptaoc.live-website.com\\\/\",\"name\":\"Ambassade du S\u00e9n\u00e9gal \u00e0 Berlin\",\"description\":\"Ambassade du S&eacute;n&eacute;gal &agrave; Berlin\",\"publisher\":{\"@id\":\"https:\\\/\\\/botschaft-senega-r4b19ptaoc.live-website.com\\\/#organization\"},\"alternateName\":\"Botschaft Senegal\",\"potentialAction\":[{\"@type\":\"SearchAction\",\"target\":{\"@type\":\"EntryPoint\",\"urlTemplate\":\"https:\\\/\\\/botschaft-senega-r4b19ptaoc.live-website.com\\\/?s={search_term_string}\"},\"query-input\":{\"@type\":\"PropertyValueSpecification\",\"valueRequired\":true,\"valueName\":\"search_term_string\"}}],\"inLanguage\":\"de\"},{\"@type\":\"Organization\",\"@id\":\"https:\\\/\\\/botschaft-senega-r4b19ptaoc.live-website.com\\\/#organization\",\"name\":\"Ambassade du S\u00e9n\u00e9gal \u00e0 Berlin - Botschaft Senegal\",\"alternateName\":\"Botschaft senegal\",\"url\":\"https:\\\/\\\/botschaft-senega-r4b19ptaoc.live-website.com\\\/\",\"logo\":{\"@type\":\"ImageObject\",\"inLanguage\":\"de\",\"@id\":\"https:\\\/\\\/botschaft-senega-r4b19ptaoc.live-website.com\\\/#\\\/schema\\\/logo\\\/image\\\/\",\"url\":\"https:\\\/\\\/botschaft-senegal.de\\\/wp-content\\\/uploads\\\/2023\\\/07\\\/logo.svg.png\",\"contentUrl\":\"https:\\\/\\\/botschaft-senegal.de\\\/wp-content\\\/uploads\\\/2023\\\/07\\\/logo.svg.png\",\"width\":200,\"height\":237,\"caption\":\"Ambassade du S\u00e9n\u00e9gal \u00e0 Berlin - Botschaft Senegal\"},\"image\":{\"@id\":\"https:\\\/\\\/botschaft-senega-r4b19ptaoc.live-website.com\\\/#\\\/schema\\\/logo\\\/image\\\/\"}}]}<\/script>\n<!-- \/ Yoast SEO plugin. -->","yoast_head_json":{"title":"Services d'\u00e9tat civil consulaire - Ambassade du S&eacute;n&eacute;gal en Allemagne","description":"Ambassade S\u00e9n\u00e9gal -Diplomatie - Passeport - Visa - Tourisme - Investissement --- Senegalische Botschaft in Deutschland \u2013 Diplomatie \u2013 Reisepass \u2013 Visum \u2013 Tourismus \u2013 Investition --- Embassy of Senegal \u2013 Diplomacy \u2013 Passport \u2013 Visa \u2013 Tourism \u2013 Investment","robots":{"index":"index","follow":"follow","max-snippet":"max-snippet:-1","max-image-preview":"max-image-preview:large","max-video-preview":"max-video-preview:-1"},"canonical":"https:\/\/botschaft-senegal.de\/de\/services-consulaires\/etat-civil\/","og_locale":"de_DE","og_type":"article","og_title":"Services d'\u00e9tat civil consulaire - Ambassade du S&eacute;n&eacute;gal en Allemagne","og_description":"Ambassade S\u00e9n\u00e9gal -Diplomatie - Passeport - Visa - Tourisme - Investissement --- Senegalische Botschaft in Deutschland \u2013 Diplomatie \u2013 Reisepass \u2013 Visum \u2013 Tourismus \u2013 Investition --- Embassy of Senegal \u2013 Diplomacy \u2013 Passport \u2013 Visa \u2013 Tourism \u2013 Investment","og_url":"https:\/\/botschaft-senegal.de\/de\/services-consulaires\/etat-civil\/","og_site_name":"Ambassade du S&eacute;n&eacute;gal en Allemagne","article_modified_time":"2026-02-12T13:52:57+00:00","og_image":[{"width":266,"height":198,"url":"https:\/\/botschaft-senegal.de\/wp-content\/uploads\/2023\/08\/flag.jpg","type":"image\/jpeg"}],"twitter_card":"summary_large_image","twitter_misc":{"Gesch\u00e4tzte Lesezeit":"3 Minuten"},"schema":{"@context":"https:\/\/schema.org","@graph":[{"@type":"WebPage","@id":"https:\/\/botschaft-senegal.de\/services-consulaires\/etat-civil\/","url":"https:\/\/botschaft-senegal.de\/services-consulaires\/etat-civil\/","name":"Services d'\u00e9tat civil consulaire - Ambassade du S&eacute;n&eacute;gal en Allemagne","isPartOf":{"@id":"https:\/\/botschaft-senega-r4b19ptaoc.live-website.com\/#website"},"datePublished":"2023-08-07T21:12:05+00:00","dateModified":"2026-02-12T13:52:57+00:00","description":"Ambassade S\u00e9n\u00e9gal -Diplomatie - Passeport - Visa - Tourisme - Investissement --- Senegalische Botschaft in Deutschland \u2013 Diplomatie \u2013 Reisepass \u2013 Visum \u2013 Tourismus \u2013 Investition --- Embassy of Senegal \u2013 Diplomacy \u2013 Passport \u2013 Visa \u2013 Tourism \u2013 Investment","breadcrumb":{"@id":"https:\/\/botschaft-senegal.de\/services-consulaires\/etat-civil\/#breadcrumb"},"inLanguage":"de","potentialAction":[{"@type":"ReadAction","target":["https:\/\/botschaft-senegal.de\/services-consulaires\/etat-civil\/"]}]},{"@type":"BreadcrumbList","@id":"https:\/\/botschaft-senegal.de\/services-consulaires\/etat-civil\/#breadcrumb","itemListElement":[{"@type":"ListItem","position":1,"name":"Accueil","item":"https:\/\/botschaft-senegal.de\/"},{"@type":"ListItem","position":2,"name":"Nos services consulaires","item":"https:\/\/botschaft-senegal.de\/services-consulaires\/"},{"@type":"ListItem","position":3,"name":"Services d&rsquo;\u00e9tat civil consulaire"}]},{"@type":"WebSite","@id":"https:\/\/botschaft-senega-r4b19ptaoc.live-website.com\/#website","url":"https:\/\/botschaft-senega-r4b19ptaoc.live-website.com\/","name":"Ambassade du S\u00e9n\u00e9gal \u00e0 Berlin","description":"Ambassade du S&eacute;n&eacute;gal &agrave; Berlin","publisher":{"@id":"https:\/\/botschaft-senega-r4b19ptaoc.live-website.com\/#organization"},"alternateName":"Botschaft Senegal","potentialAction":[{"@type":"SearchAction","target":{"@type":"EntryPoint","urlTemplate":"https:\/\/botschaft-senega-r4b19ptaoc.live-website.com\/?s={search_term_string}"},"query-input":{"@type":"PropertyValueSpecification","valueRequired":true,"valueName":"search_term_string"}}],"inLanguage":"de"},{"@type":"Organization","@id":"https:\/\/botschaft-senega-r4b19ptaoc.live-website.com\/#organization","name":"Ambassade du S\u00e9n\u00e9gal \u00e0 Berlin - Botschaft Senegal","alternateName":"Botschaft senegal","url":"https:\/\/botschaft-senega-r4b19ptaoc.live-website.com\/","logo":{"@type":"ImageObject","inLanguage":"de","@id":"https:\/\/botschaft-senega-r4b19ptaoc.live-website.com\/#\/schema\/logo\/image\/","url":"https:\/\/botschaft-senegal.de\/wp-content\/uploads\/2023\/07\/logo.svg.png","contentUrl":"https:\/\/botschaft-senegal.de\/wp-content\/uploads\/2023\/07\/logo.svg.png","width":200,"height":237,"caption":"Ambassade du S\u00e9n\u00e9gal \u00e0 Berlin - Botschaft Senegal"},"image":{"@id":"https:\/\/botschaft-senega-r4b19ptaoc.live-website.com\/#\/schema\/logo\/image\/"}}]}},"_links":{"self":[{"href":"https:\/\/botschaft-senegal.de\/de\/wp-json\/wp\/v2\/pages\/372","targetHints":{"allow":["GET"]}}],"collection":[{"href":"https:\/\/botschaft-senegal.de\/de\/wp-json\/wp\/v2\/pages"}],"about":[{"href":"https:\/\/botschaft-senegal.de\/de\/wp-json\/wp\/v2\/types\/page"}],"author":[{"embeddable":true,"href":"https:\/\/botschaft-senegal.de\/de\/wp-json\/wp\/v2\/users\/1"}],"replies":[{"embeddable":true,"href":"https:\/\/botschaft-senegal.de\/de\/wp-json\/wp\/v2\/comments?post=372"}],"version-history":[{"count":24,"href":"https:\/\/botschaft-senegal.de\/de\/wp-json\/wp\/v2\/pages\/372\/revisions"}],"predecessor-version":[{"id":1340,"href":"https:\/\/botschaft-senegal.de\/de\/wp-json\/wp\/v2\/pages\/372\/revisions\/1340"}],"up":[{"embeddable":true,"href":"https:\/\/botschaft-senegal.de\/de\/wp-json\/wp\/v2\/pages\/27"}],"wp:attachment":[{"href":"https:\/\/botschaft-senegal.de\/de\/wp-json\/wp\/v2\/media?parent=372"}],"curies":[{"name":"wp","href":"https:\/\/api.w.org\/{rel}","templated":true}]}}