{"id":902,"date":"2023-12-14T11:24:57","date_gmt":"2023-12-14T10:24:57","guid":{"rendered":"https:\/\/botschaft-senegal.de\/?page_id=902"},"modified":"2023-12-14T11:45:36","modified_gmt":"2023-12-14T10:45:36","slug":"sine-saloum","status":"publish","type":"page","link":"https:\/\/botschaft-senegal.de\/de\/senegal\/tourisme\/sine-saloum\/","title":{"rendered":"Visitez le SINE-SALOUM"},"content":{"rendered":"<h2 class=\"wp-block-heading\">Les sites incontournables au Sine-Saloum<\/h2>\n\n\n\n<p><strong>Le Delta du fleuve<\/strong>: Le Centre d\u2019interpr\u00e9tation du Delta du Saloum est un espace d\u00e9di\u00e9 \u00e0 la\u00a0promotion du patrimoine culturel et naturel du delta et des \u00eeles du Saloum,\u00a0ainsi que de Toubacouta.<\/p>\n\n\n\n<p><strong>La r\u00e9serve Naturelle de Fathala<\/strong>: Marcher avec des lions, les toucher est une attraction phare de la r\u00e9serve de Fathala. Dans la r\u00e9serve de 2000 hectares, vous d\u00e9couvrirez aussi des \u00e9lans de Derby ou du Cap, des phacoch\u00e8res, des antilopes chevalines, des z\u00e8bres, des girafes, des singes et des multitudes d\u2019oiseaux.<\/p>\n\n\n\n<p><strong>Le cercle Monolithique de la S\u00e9n\u00e9gambie<\/strong>: Pour les amateurs de sites arch\u00e9ologiques, Nioro du Rip abrite un nombre\u00a0consid\u00e9rable de sites m\u00e9galithiques ou \u00ab menhirs bretons \u00bb, class\u00e9s au\u00a0Patrimoine Mondial de l\u2019UNESCO. Y sont \u00e9rig\u00e9s plus de 1 000 cercles\u00a0concentriques avec plus 30 000 pierres. Il s\u2019agit des vestiges fun\u00e9raires\u00a0d\u2019une civilisation qui eut cours de 200 avant J.C. jusqu\u2019au XVIe si\u00e8cle.<\/p>\n\n\n\n<p><\/p>","protected":false},"excerpt":{"rendered":"<p>Les sites incontournables au Sine-Saloum Le Delta du fleuve: Le Centre d\u2019interpr\u00e9tation du Delta du Saloum est un espace d\u00e9di\u00e9 \u00e0 la\u00a0promotion du patrimoine culturel et naturel du delta et des \u00eeles du Saloum,\u00a0ainsi que de Toubacouta. La r\u00e9serve Naturelle de Fathala: Marcher avec des lions, les toucher est une attraction phare de la r\u00e9serve [&hellip;]<\/p>\n","protected":false},"author":1,"featured_media":0,"parent":400,"menu_order":1,"comment_status":"closed","ping_status":"closed","template":"","meta":{"footnotes":""},"class_list":["post-902","page","type-page","status-publish","hentry"],"blocksy_meta":[],"yoast_head":"<!-- This site is optimized with the Yoast SEO plugin v27.5 - https:\/\/yoast.com\/product\/yoast-seo-wordpress\/ -->\n<title>Visitez le SINE-SALOUM - Ambassade du S&eacute;n&eacute;gal en Allemagne<\/title>\n<meta name=\"description\" content=\"Ambassade S\u00e9n\u00e9gal -Diplomatie - Passeport - Visa - Tourisme - Investissement --- Senegalische Botschaft in Deutschland \u2013 Diplomatie \u2013 Reisepass \u2013 Visum \u2013 Tourismus \u2013 Investition --- Embassy of Senegal \u2013 Diplomacy \u2013 Passport \u2013 Visa \u2013 Tourism \u2013 Investment\" \/>\n<meta name=\"robots\" content=\"index, follow, max-snippet:-1, max-image-preview:large, max-video-preview:-1\" \/>\n<link rel=\"canonical\" href=\"https:\/\/botschaft-senegal.de\/de\/senegal\/tourisme\/sine-saloum\/\" \/>\n<meta property=\"og:locale\" content=\"de_DE\" \/>\n<meta property=\"og:type\" content=\"article\" \/>\n<meta property=\"og:title\" content=\"Visitez le SINE-SALOUM - Ambassade du S&eacute;n&eacute;gal en Allemagne\" \/>\n<meta property=\"og:description\" content=\"Ambassade S\u00e9n\u00e9gal -Diplomatie - Passeport - Visa - Tourisme - Investissement --- Senegalische Botschaft in Deutschland \u2013 Diplomatie \u2013 Reisepass \u2013 Visum \u2013 Tourismus \u2013 Investition --- Embassy of Senegal \u2013 Diplomacy \u2013 Passport \u2013 Visa \u2013 Tourism \u2013 Investment\" \/>\n<meta property=\"og:url\" content=\"https:\/\/botschaft-senegal.de\/de\/senegal\/tourisme\/sine-saloum\/\" \/>\n<meta property=\"og:site_name\" content=\"Ambassade du S&eacute;n&eacute;gal en Allemagne\" \/>\n<meta property=\"article:modified_time\" content=\"2023-12-14T10:45:36+00:00\" \/>\n<meta property=\"og:image\" content=\"https:\/\/botschaft-senegal.de\/wp-content\/uploads\/2023\/08\/flag.jpg\" \/>\n\t<meta property=\"og:image:width\" content=\"266\" \/>\n\t<meta property=\"og:image:height\" content=\"198\" \/>\n\t<meta property=\"og:image:type\" content=\"image\/jpeg\" \/>\n<meta name=\"twitter:card\" content=\"summary_large_image\" \/>\n<meta name=\"twitter:label1\" content=\"Gesch\u00e4tzte Lesezeit\" \/>\n\t<meta name=\"twitter:data1\" content=\"1 Minute\" \/>\n<script type=\"application\/ld+json\" class=\"yoast-schema-graph\">{\"@context\":\"https:\\\/\\\/schema.org\",\"@graph\":[{\"@type\":\"WebPage\",\"@id\":\"https:\\\/\\\/botschaft-senegal.de\\\/senegal\\\/tourisme\\\/sine-saloum\\\/\",\"url\":\"https:\\\/\\\/botschaft-senegal.de\\\/senegal\\\/tourisme\\\/sine-saloum\\\/\",\"name\":\"Visitez le SINE-SALOUM - Ambassade du S&eacute;n&eacute;gal en Allemagne\",\"isPartOf\":{\"@id\":\"https:\\\/\\\/botschaft-senega-r4b19ptaoc.live-website.com\\\/#website\"},\"datePublished\":\"2023-12-14T10:24:57+00:00\",\"dateModified\":\"2023-12-14T10:45:36+00:00\",\"description\":\"Ambassade S\u00e9n\u00e9gal -Diplomatie - Passeport - Visa - Tourisme - Investissement --- Senegalische Botschaft in Deutschland \u2013 Diplomatie \u2013 Reisepass \u2013 Visum \u2013 Tourismus \u2013 Investition --- Embassy of Senegal \u2013 Diplomacy \u2013 Passport \u2013 Visa \u2013 Tourism \u2013 Investment\",\"breadcrumb\":{\"@id\":\"https:\\\/\\\/botschaft-senegal.de\\\/senegal\\\/tourisme\\\/sine-saloum\\\/#breadcrumb\"},\"inLanguage\":\"de\",\"potentialAction\":[{\"@type\":\"ReadAction\",\"target\":[\"https:\\\/\\\/botschaft-senegal.de\\\/senegal\\\/tourisme\\\/sine-saloum\\\/\"]}]},{\"@type\":\"BreadcrumbList\",\"@id\":\"https:\\\/\\\/botschaft-senegal.de\\\/senegal\\\/tourisme\\\/sine-saloum\\\/#breadcrumb\",\"itemListElement\":[{\"@type\":\"ListItem\",\"position\":1,\"name\":\"Accueil\",\"item\":\"https:\\\/\\\/botschaft-senegal.de\\\/\"},{\"@type\":\"ListItem\",\"position\":2,\"name\":\"A propos du S\u00e9n\u00e9gal\",\"item\":\"https:\\\/\\\/botschaft-senega-r4b19ptaoc.live-website.com\\\/senegal\\\/\"},{\"@type\":\"ListItem\",\"position\":3,\"name\":\"Tourisme au S\u00e9n\u00e9gal\",\"item\":\"https:\\\/\\\/botschaft-senegal.de\\\/senegal\\\/tourisme\\\/\"},{\"@type\":\"ListItem\",\"position\":4,\"name\":\"Visitez le SINE-SALOUM\"}]},{\"@type\":\"WebSite\",\"@id\":\"https:\\\/\\\/botschaft-senega-r4b19ptaoc.live-website.com\\\/#website\",\"url\":\"https:\\\/\\\/botschaft-senega-r4b19ptaoc.live-website.com\\\/\",\"name\":\"Ambassade du S\u00e9n\u00e9gal \u00e0 Berlin\",\"description\":\"Ambassade du S&eacute;n&eacute;gal &agrave; Berlin\",\"publisher\":{\"@id\":\"https:\\\/\\\/botschaft-senega-r4b19ptaoc.live-website.com\\\/#organization\"},\"alternateName\":\"Botschaft Senegal\",\"potentialAction\":[{\"@type\":\"SearchAction\",\"target\":{\"@type\":\"EntryPoint\",\"urlTemplate\":\"https:\\\/\\\/botschaft-senega-r4b19ptaoc.live-website.com\\\/?s={search_term_string}\"},\"query-input\":{\"@type\":\"PropertyValueSpecification\",\"valueRequired\":true,\"valueName\":\"search_term_string\"}}],\"inLanguage\":\"de\"},{\"@type\":\"Organization\",\"@id\":\"https:\\\/\\\/botschaft-senega-r4b19ptaoc.live-website.com\\\/#organization\",\"name\":\"Ambassade du S\u00e9n\u00e9gal \u00e0 Berlin - Botschaft Senegal\",\"alternateName\":\"Botschaft senegal\",\"url\":\"https:\\\/\\\/botschaft-senega-r4b19ptaoc.live-website.com\\\/\",\"logo\":{\"@type\":\"ImageObject\",\"inLanguage\":\"de\",\"@id\":\"https:\\\/\\\/botschaft-senega-r4b19ptaoc.live-website.com\\\/#\\\/schema\\\/logo\\\/image\\\/\",\"url\":\"https:\\\/\\\/botschaft-senegal.de\\\/wp-content\\\/uploads\\\/2023\\\/07\\\/logo.svg.png\",\"contentUrl\":\"https:\\\/\\\/botschaft-senegal.de\\\/wp-content\\\/uploads\\\/2023\\\/07\\\/logo.svg.png\",\"width\":200,\"height\":237,\"caption\":\"Ambassade du S\u00e9n\u00e9gal \u00e0 Berlin - Botschaft Senegal\"},\"image\":{\"@id\":\"https:\\\/\\\/botschaft-senega-r4b19ptaoc.live-website.com\\\/#\\\/schema\\\/logo\\\/image\\\/\"}}]}<\/script>\n<!-- \/ Yoast SEO plugin. -->","yoast_head_json":{"title":"Visitez le SINE-SALOUM - Ambassade du S&eacute;n&eacute;gal en Allemagne","description":"Ambassade S\u00e9n\u00e9gal -Diplomatie - Passeport - Visa - Tourisme - Investissement --- Senegalische Botschaft in Deutschland \u2013 Diplomatie \u2013 Reisepass \u2013 Visum \u2013 Tourismus \u2013 Investition --- Embassy of Senegal \u2013 Diplomacy \u2013 Passport \u2013 Visa \u2013 Tourism \u2013 Investment","robots":{"index":"index","follow":"follow","max-snippet":"max-snippet:-1","max-image-preview":"max-image-preview:large","max-video-preview":"max-video-preview:-1"},"canonical":"https:\/\/botschaft-senegal.de\/de\/senegal\/tourisme\/sine-saloum\/","og_locale":"de_DE","og_type":"article","og_title":"Visitez le SINE-SALOUM - Ambassade du S&eacute;n&eacute;gal en Allemagne","og_description":"Ambassade S\u00e9n\u00e9gal -Diplomatie - Passeport - Visa - Tourisme - Investissement --- Senegalische Botschaft in Deutschland \u2013 Diplomatie \u2013 Reisepass \u2013 Visum \u2013 Tourismus \u2013 Investition --- Embassy of Senegal \u2013 Diplomacy \u2013 Passport \u2013 Visa \u2013 Tourism \u2013 Investment","og_url":"https:\/\/botschaft-senegal.de\/de\/senegal\/tourisme\/sine-saloum\/","og_site_name":"Ambassade du S&eacute;n&eacute;gal en Allemagne","article_modified_time":"2023-12-14T10:45:36+00:00","og_image":[{"width":266,"height":198,"url":"https:\/\/botschaft-senegal.de\/wp-content\/uploads\/2023\/08\/flag.jpg","type":"image\/jpeg"}],"twitter_card":"summary_large_image","twitter_misc":{"Gesch\u00e4tzte Lesezeit":"1 Minute"},"schema":{"@context":"https:\/\/schema.org","@graph":[{"@type":"WebPage","@id":"https:\/\/botschaft-senegal.de\/senegal\/tourisme\/sine-saloum\/","url":"https:\/\/botschaft-senegal.de\/senegal\/tourisme\/sine-saloum\/","name":"Visitez le SINE-SALOUM - Ambassade du S&eacute;n&eacute;gal en Allemagne","isPartOf":{"@id":"https:\/\/botschaft-senega-r4b19ptaoc.live-website.com\/#website"},"datePublished":"2023-12-14T10:24:57+00:00","dateModified":"2023-12-14T10:45:36+00:00","description":"Ambassade S\u00e9n\u00e9gal -Diplomatie - Passeport - Visa - Tourisme - Investissement --- Senegalische Botschaft in Deutschland \u2013 Diplomatie \u2013 Reisepass \u2013 Visum \u2013 Tourismus \u2013 Investition --- Embassy of Senegal \u2013 Diplomacy \u2013 Passport \u2013 Visa \u2013 Tourism \u2013 Investment","breadcrumb":{"@id":"https:\/\/botschaft-senegal.de\/senegal\/tourisme\/sine-saloum\/#breadcrumb"},"inLanguage":"de","potentialAction":[{"@type":"ReadAction","target":["https:\/\/botschaft-senegal.de\/senegal\/tourisme\/sine-saloum\/"]}]},{"@type":"BreadcrumbList","@id":"https:\/\/botschaft-senegal.de\/senegal\/tourisme\/sine-saloum\/#breadcrumb","itemListElement":[{"@type":"ListItem","position":1,"name":"Accueil","item":"https:\/\/botschaft-senegal.de\/"},{"@type":"ListItem","position":2,"name":"A propos du S\u00e9n\u00e9gal","item":"https:\/\/botschaft-senega-r4b19ptaoc.live-website.com\/senegal\/"},{"@type":"ListItem","position":3,"name":"Tourisme au S\u00e9n\u00e9gal","item":"https:\/\/botschaft-senegal.de\/senegal\/tourisme\/"},{"@type":"ListItem","position":4,"name":"Visitez le SINE-SALOUM"}]},{"@type":"WebSite","@id":"https:\/\/botschaft-senega-r4b19ptaoc.live-website.com\/#website","url":"https:\/\/botschaft-senega-r4b19ptaoc.live-website.com\/","name":"Ambassade du S\u00e9n\u00e9gal \u00e0 Berlin","description":"Ambassade du S&eacute;n&eacute;gal &agrave; Berlin","publisher":{"@id":"https:\/\/botschaft-senega-r4b19ptaoc.live-website.com\/#organization"},"alternateName":"Botschaft Senegal","potentialAction":[{"@type":"SearchAction","target":{"@type":"EntryPoint","urlTemplate":"https:\/\/botschaft-senega-r4b19ptaoc.live-website.com\/?s={search_term_string}"},"query-input":{"@type":"PropertyValueSpecification","valueRequired":true,"valueName":"search_term_string"}}],"inLanguage":"de"},{"@type":"Organization","@id":"https:\/\/botschaft-senega-r4b19ptaoc.live-website.com\/#organization","name":"Ambassade du S\u00e9n\u00e9gal \u00e0 Berlin - Botschaft Senegal","alternateName":"Botschaft senegal","url":"https:\/\/botschaft-senega-r4b19ptaoc.live-website.com\/","logo":{"@type":"ImageObject","inLanguage":"de","@id":"https:\/\/botschaft-senega-r4b19ptaoc.live-website.com\/#\/schema\/logo\/image\/","url":"https:\/\/botschaft-senegal.de\/wp-content\/uploads\/2023\/07\/logo.svg.png","contentUrl":"https:\/\/botschaft-senegal.de\/wp-content\/uploads\/2023\/07\/logo.svg.png","width":200,"height":237,"caption":"Ambassade du S\u00e9n\u00e9gal \u00e0 Berlin - Botschaft Senegal"},"image":{"@id":"https:\/\/botschaft-senega-r4b19ptaoc.live-website.com\/#\/schema\/logo\/image\/"}}]}},"_links":{"self":[{"href":"https:\/\/botschaft-senegal.de\/de\/wp-json\/wp\/v2\/pages\/902","targetHints":{"allow":["GET"]}}],"collection":[{"href":"https:\/\/botschaft-senegal.de\/de\/wp-json\/wp\/v2\/pages"}],"about":[{"href":"https:\/\/botschaft-senegal.de\/de\/wp-json\/wp\/v2\/types\/page"}],"author":[{"embeddable":true,"href":"https:\/\/botschaft-senegal.de\/de\/wp-json\/wp\/v2\/users\/1"}],"replies":[{"embeddable":true,"href":"https:\/\/botschaft-senegal.de\/de\/wp-json\/wp\/v2\/comments?post=902"}],"version-history":[{"count":4,"href":"https:\/\/botschaft-senegal.de\/de\/wp-json\/wp\/v2\/pages\/902\/revisions"}],"predecessor-version":[{"id":912,"href":"https:\/\/botschaft-senegal.de\/de\/wp-json\/wp\/v2\/pages\/902\/revisions\/912"}],"up":[{"embeddable":true,"href":"https:\/\/botschaft-senegal.de\/de\/wp-json\/wp\/v2\/pages\/400"}],"wp:attachment":[{"href":"https:\/\/botschaft-senegal.de\/de\/wp-json\/wp\/v2\/media?parent=902"}],"curies":[{"name":"wp","href":"https:\/\/api.w.org\/{rel}","templated":true}]}}